{"id":3,"date":"2024-04-21T17:41:48","date_gmt":"2024-04-21T17:41:48","guid":{"rendered":"https:\/\/angry-robinson.103-23-61-4.plesk.page\/?page_id=3"},"modified":"2024-05-29T16:29:00","modified_gmt":"2024-05-29T14:29:00","slug":"privacy-policy","status":"publish","type":"page","link":"https:\/\/angry-robinson.103-23-61-4.plesk.page\/index.php\/privacy-policy\/","title":{"rendered":"Aviso Legal"},"content":{"rendered":"[vc_row type=\u00bbin_container\u00bb full_screen_row_position=\u00bbmiddle\u00bb column_margin=\u00bbdefault\u00bb column_direction=\u00bbdefault\u00bb column_direction_tablet=\u00bbdefault\u00bb column_direction_phone=\u00bbdefault\u00bb scene_position=\u00bbcenter\u00bb left_padding_desktop=\u00bb50&#8243; right_padding_desktop=\u00bb50&#8243; top_margin=\u00bb50&#8243; bottom_margin=\u00bb50&#8243; left_margin=\u00bb50&#8243; right_margin=\u00bb50&#8243; text_color=\u00bbdark\u00bb text_align=\u00bbleft\u00bb row_border_radius=\u00bbnone\u00bb row_border_radius_applies=\u00bbbg\u00bb overflow=\u00bbvisible\u00bb overlay_strength=\u00bb0.3&#8243; gradient_direction=\u00bbleft_to_right\u00bb shape_divider_position=\u00bbbottom\u00bb bg_image_animation=\u00bbnone\u00bb gradient_type=\u00bbdefault\u00bb shape_type=\u00bb\u00bb][vc_column column_padding=\u00bbno-extra-padding\u00bb column_padding_tablet=\u00bbinherit\u00bb column_padding_phone=\u00bbinherit\u00bb column_padding_position=\u00bball\u00bb column_element_direction_desktop=\u00bbdefault\u00bb column_element_spacing=\u00bbdefault\u00bb desktop_text_alignment=\u00bbdefault\u00bb tablet_text_alignment=\u00bbdefault\u00bb phone_text_alignment=\u00bbdefault\u00bb background_color_opacity=\u00bb1&#8243; background_hover_color_opacity=\u00bb1&#8243; column_backdrop_filter=\u00bbnone\u00bb column_shadow=\u00bbnone\u00bb column_border_radius=\u00bbnone\u00bb column_link_target=\u00bb_self\u00bb column_position=\u00bbdefault\u00bb gradient_direction=\u00bbleft_to_right\u00bb overlay_strength=\u00bb0.3&#8243; width=\u00bb1\/1&#8243; tablet_width_inherit=\u00bbdefault\u00bb animation_type=\u00bbdefault\u00bb bg_image_animation=\u00bbnone\u00bb border_type=\u00bbsimple\u00bb column_border_width=\u00bbnone\u00bb column_border_style=\u00bbsolid\u00bb][vc_column_text css=\u00bb\u00bb text_direction=\u00bbdefault\u00bb]\r\n<h2 class=\"wp-block-heading\">Aviso Legal<\/h2>\r\n<p>El presente Aviso Legal regula el acceso, navegaci\u00f3n y uso del sitio web <a href=\"http:\/\/www.eurocatfinances.com\" target=\"_new\" rel=\"noreferrer noopener\">www.eurocatfinances.com<\/a> (en adelante, \u00abEurocat Finances\u00bb).<\/p>\r\n<p>&nbsp;<\/p>\r\n<ol>\r\n<li><strong>DERECHO DE INFORMACI\u00d3N<\/strong><\/li>\r\n<\/ol>\r\n<p>En cumplimiento con el deber de informaci\u00f3n recogido en art\u00edculo 10 de la Ley 34\/2002, de 11 de Julio, de Servicios de la Sociedad de la Informaci\u00f3n y del Comercio Electr\u00f3nico, le informamos que el sitio Web es titularidad de Oriol Floreta Iturri, con DNI 52160934Q, y con domicilio en Carrer Pallar 3-5,\u00a008402 Granollers.<\/p>\r\n<p>Puede ponerse en contacto con nosotros a trav\u00e9s de la siguiente direcci\u00f3n de correo electr\u00f3nico: <a href=\"mailto:oriolfloreta@eurocatfinances.com\" target=\"_blank\" rel=\"noopener noreferrer\">oriolfloreta@eurocatfinances.<wbr \/>com<\/a>.<\/p>\r\n<ol start=\"2\">\r\n<li><strong>USUARIOS<\/strong><\/li>\r\n<\/ol>\r\n<p>El acceso y\/o uso del Sitio Web atribuye la condici\u00f3n de Usuario, y supone la aceptaci\u00f3n plena y sin reservas del presente Aviso Legal, as\u00ed como de las pol\u00edticas de privacidad y cookies, en su caso, existentes en el Sitio Web.<\/p>\r\n<ol start=\"3\">\r\n<li><strong>USO DEL SITIO WEB<\/strong><\/li>\r\n<\/ol>\r\n<p>El Usuario se compromete a utilizar el Sitio Web, sus contenidos y servicios conforme a la Ley, el presente Aviso Legal, las buenas costumbres y el orden p\u00fablico. El Usuario se obliga a no utilizar el Sitio Web con fines il\u00edcitos o lesivos, que de cualquier forma puedan da\u00f1ar o impedir el normal funcionamiento del Sitio Web.<\/p>\r\n<ol start=\"4\">\r\n<li><strong>PROPIEDAD INTELECTUAL<\/strong><\/li>\r\n<\/ol>\r\n<p>Todos los derechos de propiedad intelectual del contenido de este Sitio Web y su dise\u00f1o gr\u00e1fico son propiedad exclusiva de Oriol Floreta Iturri, o de terceros que han autorizado el uso de dichos contenidos a Oriol Floreta Iturri, correspondi\u00e9ndole el ejercicio exclusivo de los derechos de explotaci\u00f3n de los mismos.<\/p>\r\n<p>Queda prohibida la reproducci\u00f3n, distribuci\u00f3n, comunicaci\u00f3n p\u00fablica, transformaci\u00f3n, y cualquier otra forma de explotaci\u00f3n, sin la autorizaci\u00f3n previa y por escrito de Oriol Floreta Iturri.<\/p>\r\n<p>El Usuario garantiza que los contenidos aportados por \u00e9l al Sitio Web no infringen derechos de terceros y mantendr\u00e1 indemne a Oriol Floreta Iturri de cualquier reclamaci\u00f3n derivada de los mismos.<\/p>\r\n<ol start=\"5\">\r\n<li><strong>RESPONSABILIDAD Y GARANT\u00cdAS<\/strong><\/li>\r\n<\/ol>\r\n<p>Oriol Floreta Iturri, declara que ha adoptado todas las medidas necesarias, dentro de sus posibilidades y del estado de la tecnolog\u00eda, para asegurar el correcto funcionamiento del Sitio Web y evitar la existencia y transmisi\u00f3n de virus y otros componentes da\u00f1inos.<\/p>\r\n<p>Oriol Floreta Iturri, no ser\u00e1 responsable de:<\/p>\r\n<ul>\r\n<li>La continuidad y disponibilidad de los contenidos y servicios.<\/li>\r\n<li>La ausencia de errores en dichos contenidos ni la correcci\u00f3n de cualquier defecto que pudiera ocurrir.<\/li>\r\n<li>La ausencia de virus y\/o dem\u00e1s componentes da\u00f1inos.<\/li>\r\n<li>Los da\u00f1os o perjuicios que cause cualquier persona que vulnere los sistemas de seguridad de Oriol Floreta Iturri.<\/li>\r\n<\/ul>\r\n<p>Oriol Floreta Iturri, podr\u00e1 suspender temporalmente, sin previo aviso, la accesibilidad al Sitio Web con motivo de operaciones de mantenimiento, reparaci\u00f3n, actualizaci\u00f3n o mejora. Siempre que las circunstancias lo permitan, Oriol Floreta Iturri, comunicar\u00e1 al Usuario, con antelaci\u00f3n suficiente, la fecha prevista para la suspensi\u00f3n de los servicios.<\/p>\r\n<p>Oriol Floreta Iturri, no se responsabiliza del uso que los usuarios puedan hacer de los contenidos y servicios incluidos en el Sitio Web.<\/p>\r\n<ol start=\"6\">\r\n<li><strong>ENLACES EXTERNOS<\/strong><\/li>\r\n<\/ol>\r\n<p>El Sitio Web puede contener enlaces a otras p\u00e1ginas web. Oriol Floreta Iturri, no asume ninguna responsabilidad por el contenido, pol\u00edticas de privacidad o pr\u00e1cticas de dichos sitios web. La presencia de estos enlaces no implica que Oriol Floreta Iturri, apruebe o recomiende sus contenidos.<\/p>\r\n<ol start=\"7\">\r\n<li><strong>DURACI\u00d3N Y MODIFICACI\u00d3N<\/strong><\/li>\r\n<\/ol>\r\n<p>El presente Aviso Legal estar\u00e1 vigente con car\u00e1cter indefinido, pudiendo Oriol Floreta Iturri, efectuar cambios sobre las condiciones especificadas, que entrar\u00e1n en vigor desde el momento de su publicaci\u00f3n en el Sitio Web.<\/p>\r\n<p>El acceso y\/o el uso del Sitio Web se entender\u00e1n como una aceptaci\u00f3n por parte del usuario del presente Aviso Legal y, en su caso, de los cambios efectuados en las mismas.<\/p>\r\n[\/vc_column_text][\/vc_column][\/vc_row]","protected":false},"excerpt":{"rendered":"<p>[vc_row type=\u00bbin_container\u00bb full_screen_row_position=\u00bbmiddle\u00bb column_margin=\u00bbdefault\u00bb column_direction=\u00bbdefault\u00bb column_direction_tablet=\u00bbdefault\u00bb column_direction_phone=\u00bbdefault\u00bb scene_position=\u00bbcenter\u00bb left_padding_desktop=\u00bb50&#8243; right_padding_desktop=\u00bb50&#8243; top_margin=\u00bb50&#8243; bottom_margin=\u00bb50&#8243; left_margin=\u00bb50&#8243; right_margin=\u00bb50&#8243; text_color=\u00bbdark\u00bb text_align=\u00bbleft\u00bb row_border_radius=\u00bbnone\u00bb row_border_radius_applies=\u00bbbg\u00bb overflow=\u00bbvisible\u00bb overlay_strength=\u00bb0.3&#8243; gradient_direction=\u00bbleft_to_right\u00bb shape_divider_position=\u00bbbottom\u00bb bg_image_animation=\u00bbnone\u00bb gradient_type=\u00bbdefault\u00bb shape_type=\u00bb\u00bb][vc_column column_padding=\u00bbno-extra-padding\u00bb column_padding_tablet=\u00bbinherit\u00bb column_padding_phone=\u00bbinherit\u00bb column_padding_position=\u00bball\u00bb column_element_direction_desktop=\u00bbdefault\u00bb&#8230;<\/p>\n","protected":false},"author":1,"featured_media":0,"parent":0,"menu_order":0,"comment_status":"closed","ping_status":"open","template":"","meta":{"footnotes":""},"class_list":["post-3","page","type-page","status-publish"],"yoast_head":"<!-- This site is optimized with the Yoast SEO plugin v22.5 - https:\/\/yoast.com\/wordpress\/plugins\/seo\/ -->\n<title>Aviso Legal - Eurocat Finances<\/title>\n<meta name=\"robots\" content=\"index, follow, max-snippet:-1, max-image-preview:large, max-video-preview:-1\" \/>\n<link rel=\"canonical\" href=\"https:\/\/angry-robinson.103-23-61-4.plesk.page\/index.php\/privacy-policy\/\" \/>\n<meta property=\"og:locale\" content=\"es_ES\" \/>\n<meta property=\"og:type\" content=\"article\" \/>\n<meta property=\"og:title\" content=\"Aviso Legal - Eurocat Finances\" \/>\n<meta property=\"og:description\" content=\"[vc_row type=\u00bbin_container\u00bb full_screen_row_position=\u00bbmiddle\u00bb column_margin=\u00bbdefault\u00bb column_direction=\u00bbdefault\u00bb column_direction_tablet=\u00bbdefault\u00bb column_direction_phone=\u00bbdefault\u00bb scene_position=\u00bbcenter\u00bb left_padding_desktop=\u00bb50&#8243; right_padding_desktop=\u00bb50&#8243; top_margin=\u00bb50&#8243; bottom_margin=\u00bb50&#8243; left_margin=\u00bb50&#8243; right_margin=\u00bb50&#8243; text_color=\u00bbdark\u00bb text_align=\u00bbleft\u00bb row_border_radius=\u00bbnone\u00bb row_border_radius_applies=\u00bbbg\u00bb overflow=\u00bbvisible\u00bb overlay_strength=\u00bb0.3&#8243; gradient_direction=\u00bbleft_to_right\u00bb shape_divider_position=\u00bbbottom\u00bb bg_image_animation=\u00bbnone\u00bb gradient_type=\u00bbdefault\u00bb shape_type=\u00bb\u00bb][vc_column column_padding=\u00bbno-extra-padding\u00bb column_padding_tablet=\u00bbinherit\u00bb column_padding_phone=\u00bbinherit\u00bb column_padding_position=\u00bball\u00bb column_element_direction_desktop=\u00bbdefault\u00bb...\" \/>\n<meta property=\"og:url\" content=\"https:\/\/angry-robinson.103-23-61-4.plesk.page\/index.php\/privacy-policy\/\" \/>\n<meta property=\"og:site_name\" content=\"Eurocat Finances\" \/>\n<meta property=\"article:modified_time\" content=\"2024-05-29T14:29:00+00:00\" \/>\n<meta name=\"twitter:card\" content=\"summary_large_image\" \/>\n<meta name=\"twitter:label1\" content=\"Tiempo de lectura\" \/>\n\t<meta name=\"twitter:data1\" content=\"3 minutos\" \/>\n<script type=\"application\/ld+json\" class=\"yoast-schema-graph\">{\"@context\":\"https:\/\/schema.org\",\"@graph\":[{\"@type\":\"WebPage\",\"@id\":\"https:\/\/angry-robinson.103-23-61-4.plesk.page\/index.php\/privacy-policy\/\",\"url\":\"https:\/\/angry-robinson.103-23-61-4.plesk.page\/index.php\/privacy-policy\/\",\"name\":\"Aviso Legal - Eurocat Finances\",\"isPartOf\":{\"@id\":\"https:\/\/angry-robinson.103-23-61-4.plesk.page\/#website\"},\"datePublished\":\"2024-04-21T17:41:48+00:00\",\"dateModified\":\"2024-05-29T14:29:00+00:00\",\"breadcrumb\":{\"@id\":\"https:\/\/angry-robinson.103-23-61-4.plesk.page\/index.php\/privacy-policy\/#breadcrumb\"},\"inLanguage\":\"es\",\"potentialAction\":[{\"@type\":\"ReadAction\",\"target\":[\"https:\/\/angry-robinson.103-23-61-4.plesk.page\/index.php\/privacy-policy\/\"]}]},{\"@type\":\"BreadcrumbList\",\"@id\":\"https:\/\/angry-robinson.103-23-61-4.plesk.page\/index.php\/privacy-policy\/#breadcrumb\",\"itemListElement\":[{\"@type\":\"ListItem\",\"position\":1,\"name\":\"Home\",\"item\":\"https:\/\/angry-robinson.103-23-61-4.plesk.page\/\"},{\"@type\":\"ListItem\",\"position\":2,\"name\":\"Aviso Legal\"}]},{\"@type\":\"WebSite\",\"@id\":\"https:\/\/angry-robinson.103-23-61-4.plesk.page\/#website\",\"url\":\"https:\/\/angry-robinson.103-23-61-4.plesk.page\/\",\"name\":\"Eurocat Finances\",\"description\":\"Expertos en gesti\u00f3n de hipotecas  | Eurocat Finances\",\"potentialAction\":[{\"@type\":\"SearchAction\",\"target\":{\"@type\":\"EntryPoint\",\"urlTemplate\":\"https:\/\/angry-robinson.103-23-61-4.plesk.page\/?s={search_term_string}\"},\"query-input\":\"required name=search_term_string\"}],\"inLanguage\":\"es\"}]}<\/script>\n<!-- \/ Yoast SEO plugin. -->","yoast_head_json":{"title":"Aviso Legal - Eurocat Finances","robots":{"index":"index","follow":"follow","max-snippet":"max-snippet:-1","max-image-preview":"max-image-preview:large","max-video-preview":"max-video-preview:-1"},"canonical":"https:\/\/angry-robinson.103-23-61-4.plesk.page\/index.php\/privacy-policy\/","og_locale":"es_ES","og_type":"article","og_title":"Aviso Legal - Eurocat Finances","og_description":"[vc_row type=\u00bbin_container\u00bb full_screen_row_position=\u00bbmiddle\u00bb column_margin=\u00bbdefault\u00bb column_direction=\u00bbdefault\u00bb column_direction_tablet=\u00bbdefault\u00bb column_direction_phone=\u00bbdefault\u00bb scene_position=\u00bbcenter\u00bb left_padding_desktop=\u00bb50&#8243; right_padding_desktop=\u00bb50&#8243; top_margin=\u00bb50&#8243; bottom_margin=\u00bb50&#8243; left_margin=\u00bb50&#8243; right_margin=\u00bb50&#8243; text_color=\u00bbdark\u00bb text_align=\u00bbleft\u00bb row_border_radius=\u00bbnone\u00bb row_border_radius_applies=\u00bbbg\u00bb overflow=\u00bbvisible\u00bb overlay_strength=\u00bb0.3&#8243; gradient_direction=\u00bbleft_to_right\u00bb shape_divider_position=\u00bbbottom\u00bb bg_image_animation=\u00bbnone\u00bb gradient_type=\u00bbdefault\u00bb shape_type=\u00bb\u00bb][vc_column column_padding=\u00bbno-extra-padding\u00bb column_padding_tablet=\u00bbinherit\u00bb column_padding_phone=\u00bbinherit\u00bb column_padding_position=\u00bball\u00bb column_element_direction_desktop=\u00bbdefault\u00bb...","og_url":"https:\/\/angry-robinson.103-23-61-4.plesk.page\/index.php\/privacy-policy\/","og_site_name":"Eurocat Finances","article_modified_time":"2024-05-29T14:29:00+00:00","twitter_card":"summary_large_image","twitter_misc":{"Tiempo de lectura":"3 minutos"},"schema":{"@context":"https:\/\/schema.org","@graph":[{"@type":"WebPage","@id":"https:\/\/angry-robinson.103-23-61-4.plesk.page\/index.php\/privacy-policy\/","url":"https:\/\/angry-robinson.103-23-61-4.plesk.page\/index.php\/privacy-policy\/","name":"Aviso Legal - Eurocat Finances","isPartOf":{"@id":"https:\/\/angry-robinson.103-23-61-4.plesk.page\/#website"},"datePublished":"2024-04-21T17:41:48+00:00","dateModified":"2024-05-29T14:29:00+00:00","breadcrumb":{"@id":"https:\/\/angry-robinson.103-23-61-4.plesk.page\/index.php\/privacy-policy\/#breadcrumb"},"inLanguage":"es","potentialAction":[{"@type":"ReadAction","target":["https:\/\/angry-robinson.103-23-61-4.plesk.page\/index.php\/privacy-policy\/"]}]},{"@type":"BreadcrumbList","@id":"https:\/\/angry-robinson.103-23-61-4.plesk.page\/index.php\/privacy-policy\/#breadcrumb","itemListElement":[{"@type":"ListItem","position":1,"name":"Home","item":"https:\/\/angry-robinson.103-23-61-4.plesk.page\/"},{"@type":"ListItem","position":2,"name":"Aviso Legal"}]},{"@type":"WebSite","@id":"https:\/\/angry-robinson.103-23-61-4.plesk.page\/#website","url":"https:\/\/angry-robinson.103-23-61-4.plesk.page\/","name":"Eurocat Finances","description":"Expertos en gesti\u00f3n de hipotecas  | Eurocat Finances","potentialAction":[{"@type":"SearchAction","target":{"@type":"EntryPoint","urlTemplate":"https:\/\/angry-robinson.103-23-61-4.plesk.page\/?s={search_term_string}"},"query-input":"required name=search_term_string"}],"inLanguage":"es"}]}},"_links":{"self":[{"href":"https:\/\/angry-robinson.103-23-61-4.plesk.page\/index.php\/wp-json\/wp\/v2\/pages\/3","targetHints":{"allow":["GET"]}}],"collection":[{"href":"https:\/\/angry-robinson.103-23-61-4.plesk.page\/index.php\/wp-json\/wp\/v2\/pages"}],"about":[{"href":"https:\/\/angry-robinson.103-23-61-4.plesk.page\/index.php\/wp-json\/wp\/v2\/types\/page"}],"author":[{"embeddable":true,"href":"https:\/\/angry-robinson.103-23-61-4.plesk.page\/index.php\/wp-json\/wp\/v2\/users\/1"}],"replies":[{"embeddable":true,"href":"https:\/\/angry-robinson.103-23-61-4.plesk.page\/index.php\/wp-json\/wp\/v2\/comments?post=3"}],"version-history":[{"count":13,"href":"https:\/\/angry-robinson.103-23-61-4.plesk.page\/index.php\/wp-json\/wp\/v2\/pages\/3\/revisions"}],"predecessor-version":[{"id":452,"href":"https:\/\/angry-robinson.103-23-61-4.plesk.page\/index.php\/wp-json\/wp\/v2\/pages\/3\/revisions\/452"}],"wp:attachment":[{"href":"https:\/\/angry-robinson.103-23-61-4.plesk.page\/index.php\/wp-json\/wp\/v2\/media?parent=3"}],"curies":[{"name":"wp","href":"https:\/\/api.w.org\/{rel}","templated":true}]}}